{"id":8,"date":"2020-04-22T16:37:10","date_gmt":"2020-04-22T16:37:10","guid":{"rendered":"https:\/\/www.snkka.hu\/?page_id=8"},"modified":"2020-04-22T16:37:10","modified_gmt":"2020-04-22T16:37:10","slug":"szolgaltatasaink","status":"publish","type":"page","link":"https:\/\/www.snkka.hu\/?page_id=8","title":{"rendered":"Szolg\u00e1ltat\u00e1saink"},"content":{"rendered":"\n<p>A 20 f\u0151s nemzetis\u00e9gi k\u00f3rus 5 f\u0151s pedag\u00f3gus di\u00e1k \/ zenekar\/ k\u00eds\u00e9ret\u00e9vel fell\u00e9p\u00fcnk a nemzetis\u00e9gi tal\u00e1lkoz\u00f3kon. \/falunap. sv\u00e1b b\u00e1l.\/<\/p>\n\n\n\n<p>Megh\u00edv\u00e1sra a sv\u00e1b tal\u00e1lkoz\u00e1sokon fell\u00e9p\u00e9s\u00fcnkkel gazdag\u00edtjuk a programot.<\/p>\n","protected":false},"excerpt":{"rendered":"<p>A 20 f\u0151s nemzetis\u00e9gi k\u00f3rus 5 f\u0151s pedag\u00f3gus di\u00e1k \/ zenekar\/ k\u00eds\u00e9ret\u00e9vel fell\u00e9p\u00fcnk a nemzetis\u00e9gi tal\u00e1lkoz\u00f3kon. \/falunap. sv\u00e1b b\u00e1l.\/ Megh\u00edv\u00e1sra a sv\u00e1b tal\u00e1lkoz\u00e1sokon fell\u00e9p\u00e9s\u00fcnkkel gazdag\u00edtjuk a programot.<\/p>\n","protected":false},"author":1,"featured_media":0,"parent":0,"menu_order":0,"comment_status":"closed","ping_status":"closed","template":"","meta":{"_monsterinsights_skip_tracking":false,"_monsterinsights_sitenote_active":false,"_monsterinsights_sitenote_note":"","_monsterinsights_sitenote_category":0},"yoast_head":"<!-- This site is optimized with the Yoast SEO plugin v17.3 - https:\/\/yoast.com\/wordpress\/plugins\/seo\/ -->\n<title>Szolg\u00e1ltat\u00e1saink -<\/title>\n<meta name=\"robots\" content=\"index, follow, max-snippet:-1, max-image-preview:large, max-video-preview:-1\" \/>\n<link rel=\"canonical\" href=\"https:\/\/www.snkka.hu\/?page_id=8\" \/>\n<meta property=\"og:locale\" content=\"hu_HU\" \/>\n<meta property=\"og:type\" content=\"article\" \/>\n<meta property=\"og:title\" content=\"Szolg\u00e1ltat\u00e1saink -\" \/>\n<meta property=\"og:description\" content=\"A 20 f\u0151s nemzetis\u00e9gi k\u00f3rus 5 f\u0151s pedag\u00f3gus di\u00e1k \/ zenekar\/ k\u00eds\u00e9ret\u00e9vel fell\u00e9p\u00fcnk a nemzetis\u00e9gi tal\u00e1lkoz\u00f3kon. \/falunap. sv\u00e1b b\u00e1l.\/ Megh\u00edv\u00e1sra a sv\u00e1b tal\u00e1lkoz\u00e1sokon fell\u00e9p\u00e9s\u00fcnkkel gazdag\u00edtjuk a programot.\" \/>\n<meta property=\"og:url\" content=\"https:\/\/www.snkka.hu\/?page_id=8\" \/>\n<meta name=\"twitter:card\" content=\"summary_large_image\" \/>\n<script type=\"application\/ld+json\" class=\"yoast-schema-graph\">{\"@context\":\"https:\/\/schema.org\",\"@graph\":[{\"@type\":\"WebSite\",\"@id\":\"https:\/\/www.snkka.hu\/#website\",\"url\":\"https:\/\/www.snkka.hu\/\",\"name\":\"\",\"description\":\"A S\\u00c1ROSPATAKI N\\u00c9MET KISEBBS\\u00c9G KULT\\u00daR\\u00c1J\\u00c1\\u00c9RT ALAP\\u00cdTV\\u00c1NY\",\"potentialAction\":[{\"@type\":\"SearchAction\",\"target\":{\"@type\":\"EntryPoint\",\"urlTemplate\":\"https:\/\/www.snkka.hu\/?s={search_term_string}\"},\"query-input\":\"required name=search_term_string\"}],\"inLanguage\":\"hu\"},{\"@type\":\"WebPage\",\"@id\":\"https:\/\/www.snkka.hu\/?page_id=8#webpage\",\"url\":\"https:\/\/www.snkka.hu\/?page_id=8\",\"name\":\"Szolg\\u00e1ltat\\u00e1saink -\",\"isPartOf\":{\"@id\":\"https:\/\/www.snkka.hu\/#website\"},\"datePublished\":\"2020-04-22T16:37:10+00:00\",\"dateModified\":\"2020-04-22T16:37:10+00:00\",\"breadcrumb\":{\"@id\":\"https:\/\/www.snkka.hu\/?page_id=8#breadcrumb\"},\"inLanguage\":\"hu\",\"potentialAction\":[{\"@type\":\"ReadAction\",\"target\":[\"https:\/\/www.snkka.hu\/?page_id=8\"]}]},{\"@type\":\"BreadcrumbList\",\"@id\":\"https:\/\/www.snkka.hu\/?page_id=8#breadcrumb\",\"itemListElement\":[{\"@type\":\"ListItem\",\"position\":1,\"name\":\"Home\",\"item\":\"https:\/\/www.snkka.hu\/\"},{\"@type\":\"ListItem\",\"position\":2,\"name\":\"Szolg\\u00e1ltat\\u00e1saink\"}]}]}<\/script>\n<!-- \/ Yoast SEO plugin. -->","yoast_head_json":{"title":"Szolg\u00e1ltat\u00e1saink -","robots":{"index":"index","follow":"follow","max-snippet":"max-snippet:-1","max-image-preview":"max-image-preview:large","max-video-preview":"max-video-preview:-1"},"canonical":"https:\/\/www.snkka.hu\/?page_id=8","og_locale":"hu_HU","og_type":"article","og_title":"Szolg\u00e1ltat\u00e1saink -","og_description":"A 20 f\u0151s nemzetis\u00e9gi k\u00f3rus 5 f\u0151s pedag\u00f3gus di\u00e1k \/ zenekar\/ k\u00eds\u00e9ret\u00e9vel fell\u00e9p\u00fcnk a nemzetis\u00e9gi tal\u00e1lkoz\u00f3kon. \/falunap. sv\u00e1b b\u00e1l.\/ Megh\u00edv\u00e1sra a sv\u00e1b tal\u00e1lkoz\u00e1sokon fell\u00e9p\u00e9s\u00fcnkkel gazdag\u00edtjuk a programot.","og_url":"https:\/\/www.snkka.hu\/?page_id=8","twitter_card":"summary_large_image","schema":{"@context":"https:\/\/schema.org","@graph":[{"@type":"WebSite","@id":"https:\/\/www.snkka.hu\/#website","url":"https:\/\/www.snkka.hu\/","name":"","description":"A S\u00c1ROSPATAKI N\u00c9MET KISEBBS\u00c9G KULT\u00daR\u00c1J\u00c1\u00c9RT ALAP\u00cdTV\u00c1NY","potentialAction":[{"@type":"SearchAction","target":{"@type":"EntryPoint","urlTemplate":"https:\/\/www.snkka.hu\/?s={search_term_string}"},"query-input":"required name=search_term_string"}],"inLanguage":"hu"},{"@type":"WebPage","@id":"https:\/\/www.snkka.hu\/?page_id=8#webpage","url":"https:\/\/www.snkka.hu\/?page_id=8","name":"Szolg\u00e1ltat\u00e1saink -","isPartOf":{"@id":"https:\/\/www.snkka.hu\/#website"},"datePublished":"2020-04-22T16:37:10+00:00","dateModified":"2020-04-22T16:37:10+00:00","breadcrumb":{"@id":"https:\/\/www.snkka.hu\/?page_id=8#breadcrumb"},"inLanguage":"hu","potentialAction":[{"@type":"ReadAction","target":["https:\/\/www.snkka.hu\/?page_id=8"]}]},{"@type":"BreadcrumbList","@id":"https:\/\/www.snkka.hu\/?page_id=8#breadcrumb","itemListElement":[{"@type":"ListItem","position":1,"name":"Home","item":"https:\/\/www.snkka.hu\/"},{"@type":"ListItem","position":2,"name":"Szolg\u00e1ltat\u00e1saink"}]}]}},"_links":{"self":[{"href":"https:\/\/www.snkka.hu\/index.php?rest_route=\/wp\/v2\/pages\/8"}],"collection":[{"href":"https:\/\/www.snkka.hu\/index.php?rest_route=\/wp\/v2\/pages"}],"about":[{"href":"https:\/\/www.snkka.hu\/index.php?rest_route=\/wp\/v2\/types\/page"}],"author":[{"embeddable":true,"href":"https:\/\/www.snkka.hu\/index.php?rest_route=\/wp\/v2\/users\/1"}],"replies":[{"embeddable":true,"href":"https:\/\/www.snkka.hu\/index.php?rest_route=%2Fwp%2Fv2%2Fcomments&post=8"}],"version-history":[{"count":1,"href":"https:\/\/www.snkka.hu\/index.php?rest_route=\/wp\/v2\/pages\/8\/revisions"}],"predecessor-version":[{"id":9,"href":"https:\/\/www.snkka.hu\/index.php?rest_route=\/wp\/v2\/pages\/8\/revisions\/9"}],"wp:attachment":[{"href":"https:\/\/www.snkka.hu\/index.php?rest_route=%2Fwp%2Fv2%2Fmedia&parent=8"}],"curies":[{"name":"wp","href":"https:\/\/api.w.org\/{rel}","templated":true}]}}